{"id":389,"date":"2022-12-26T19:22:22","date_gmt":"2022-12-26T19:22:22","guid":{"rendered":"https:\/\/ladonatapatia.com\/?page_id=389"},"modified":"2022-12-26T19:44:56","modified_gmt":"2022-12-26T19:44:56","slug":"sopas-y-ensaladas","status":"publish","type":"page","link":"https:\/\/ladonatapatia.com\/en\/sopas-y-ensaladas\/","title":{"rendered":"Sopas y Ensaladas"},"content":{"rendered":"<div data-elementor-type=\"wp-page\" data-elementor-id=\"389\" class=\"elementor elementor-389\" data-elementor-post-type=\"page\">\n\t\t\t\t\t\t<section class=\"elementor-section elementor-top-section elementor-element elementor-element-4219a682 elementor-section-full_width elementor-section-height-default elementor-section-height-default\" data-id=\"4219a682\" data-element_type=\"section\" data-e-type=\"section\" data-settings=\"{&quot;animation_mobile&quot;:&quot;slideInRight&quot;}\">\n\t\t\t\t\t\t\t<div class=\"elementor-background-overlay\"><\/div>\n\t\t\t\t\t\t\t<div class=\"elementor-container elementor-column-gap-no\">\n\t\t\t\t\t<div class=\"elementor-column elementor-col-100 elementor-top-column elementor-element elementor-element-74b57ffa\" data-id=\"74b57ffa\" data-element_type=\"column\" data-e-type=\"column\">\n\t\t\t<div class=\"elementor-widget-wrap elementor-element-populated\">\n\t\t\t\t\t\t<div class=\"elementor-element elementor-element-4f6a2196 elementor-widget elementor-widget-heading\" data-id=\"4f6a2196\" data-element_type=\"widget\" data-e-type=\"widget\" data-widget_type=\"heading.default\">\n\t\t\t\t<div class=\"elementor-widget-container\">\n\t\t\t\t\t<h2 class=\"elementor-heading-title elementor-size-default\">SOPAS Y ENSALADAS<\/h2>\t\t\t\t<\/div>\n\t\t\t\t<\/div>\n\t\t\t\t\t<\/div>\n\t\t<\/div>\n\t\t\t\t\t<\/div>\n\t\t<\/section>\n\t\t\t\t<section class=\"elementor-section elementor-top-section elementor-element elementor-element-4fd54ca6 elementor-section-boxed elementor-section-height-default elementor-section-height-default\" data-id=\"4fd54ca6\" data-element_type=\"section\" data-e-type=\"section\" data-settings=\"{&quot;animation_mobile&quot;:&quot;slideInRight&quot;}\">\n\t\t\t\t\t\t<div class=\"elementor-container elementor-column-gap-narrow\">\n\t\t\t\t\t<div class=\"elementor-column elementor-col-50 elementor-top-column elementor-element elementor-element-34973d34\" data-id=\"34973d34\" data-element_type=\"column\" data-e-type=\"column\">\n\t\t\t<div class=\"elementor-widget-wrap elementor-element-populated\">\n\t\t\t\t\t\t<div class=\"elementor-element elementor-element-69501611 elementor-widget elementor-widget-image\" data-id=\"69501611\" data-element_type=\"widget\" data-e-type=\"widget\" data-widget_type=\"image.default\">\n\t\t\t\t<div class=\"elementor-widget-container\">\n\t\t\t\t\t\t\t\t\t\t\t\t\t\t\t\t<a href=\"https:\/\/ladonatapatia.com\/en\/sopas-y-ensaladas\/consome-de-pollo\/\">\n\t\t\t\t\t\t\t<img fetchpriority=\"high\" decoding=\"async\" width=\"800\" height=\"800\" src=\"https:\/\/ladonatapatia.com\/wp-content\/uploads\/2022\/12\/consome-de-pollo-gdl.jpg\" class=\"attachment-large size-large wp-image-399\" alt=\"\" srcset=\"https:\/\/ladonatapatia.com\/wp-content\/uploads\/2022\/12\/consome-de-pollo-gdl.jpg 1023w, https:\/\/ladonatapatia.com\/wp-content\/uploads\/2022\/12\/consome-de-pollo-gdl-150x150.jpg 150w, https:\/\/ladonatapatia.com\/wp-content\/uploads\/2022\/12\/consome-de-pollo-gdl-300x300.jpg 300w, https:\/\/ladonatapatia.com\/wp-content\/uploads\/2022\/12\/consome-de-pollo-gdl-768x768.jpg 768w, https:\/\/ladonatapatia.com\/wp-content\/uploads\/2022\/12\/consome-de-pollo-gdl-12x12.jpg 12w\" sizes=\"(max-width: 800px) 100vw, 800px\" \/>\t\t\t\t\t\t\t\t<\/a>\n\t\t\t\t\t\t\t\t\t\t\t\t\t\t\t<\/div>\n\t\t\t\t<\/div>\n\t\t\t\t<div class=\"elementor-element elementor-element-4931a057 elementor-widget elementor-widget-heading\" data-id=\"4931a057\" data-element_type=\"widget\" data-e-type=\"widget\" data-widget_type=\"heading.default\">\n\t\t\t\t<div class=\"elementor-widget-container\">\n\t\t\t\t\t<h2 class=\"elementor-heading-title elementor-size-default\"><a href=\"https:\/\/ladonatapatia.com\/en\/sopas-y-ensaladas\/consome-de-pollo\/\">CHICKEN<br>CONSOMM\u00c9<\/a><\/h2>\t\t\t\t<\/div>\n\t\t\t\t<\/div>\n\t\t\t\t\t<\/div>\n\t\t<\/div>\n\t\t\t\t<div class=\"elementor-column elementor-col-50 elementor-top-column elementor-element elementor-element-1668c868\" data-id=\"1668c868\" data-element_type=\"column\" data-e-type=\"column\">\n\t\t\t<div class=\"elementor-widget-wrap elementor-element-populated\">\n\t\t\t\t\t\t<div class=\"elementor-element elementor-element-5ba09f6 elementor-widget elementor-widget-image\" data-id=\"5ba09f6\" data-element_type=\"widget\" data-e-type=\"widget\" data-widget_type=\"image.default\">\n\t\t\t\t<div class=\"elementor-widget-container\">\n\t\t\t\t\t\t\t\t\t\t\t\t\t\t\t\t<a href=\"https:\/\/ladonatapatia.com\/en\/sopas-y-ensaladas\/caldo-tlalpeno\/\">\n\t\t\t\t\t\t\t<img decoding=\"async\" width=\"800\" height=\"800\" src=\"https:\/\/ladonatapatia.com\/wp-content\/uploads\/2022\/12\/caldo-tlalpeno.jpg\" class=\"attachment-large size-large wp-image-157\" alt=\"\" srcset=\"https:\/\/ladonatapatia.com\/wp-content\/uploads\/2022\/12\/caldo-tlalpeno.jpg 1024w, https:\/\/ladonatapatia.com\/wp-content\/uploads\/2022\/12\/caldo-tlalpeno-150x150.jpg 150w, https:\/\/ladonatapatia.com\/wp-content\/uploads\/2022\/12\/caldo-tlalpeno-300x300.jpg 300w, https:\/\/ladonatapatia.com\/wp-content\/uploads\/2022\/12\/caldo-tlalpeno-768x768.jpg 768w, https:\/\/ladonatapatia.com\/wp-content\/uploads\/2022\/12\/caldo-tlalpeno-12x12.jpg 12w\" sizes=\"(max-width: 800px) 100vw, 800px\" \/>\t\t\t\t\t\t\t\t<\/a>\n\t\t\t\t\t\t\t\t\t\t\t\t\t\t\t<\/div>\n\t\t\t\t<\/div>\n\t\t\t\t<div class=\"elementor-element elementor-element-395ecede elementor-widget elementor-widget-heading\" data-id=\"395ecede\" data-element_type=\"widget\" data-e-type=\"widget\" data-widget_type=\"heading.default\">\n\t\t\t\t<div class=\"elementor-widget-container\">\n\t\t\t\t\t<h2 class=\"elementor-heading-title elementor-size-default\"><a href=\"https:\/\/ladonatapatia.com\/en\/sopas-y-ensaladas\/caldo-tlalpeno\/\">TLALPE\u00d1O<br>\nSOUP<\/a><\/h2>\t\t\t\t<\/div>\n\t\t\t\t<\/div>\n\t\t\t\t\t<\/div>\n\t\t<\/div>\n\t\t\t\t\t<\/div>\n\t\t<\/section>\n\t\t\t\t<section class=\"elementor-section elementor-top-section elementor-element elementor-element-74f05640 elementor-section-boxed elementor-section-height-default elementor-section-height-default\" data-id=\"74f05640\" data-element_type=\"section\" data-e-type=\"section\" data-settings=\"{&quot;animation_mobile&quot;:&quot;slideInRight&quot;}\">\n\t\t\t\t\t\t<div class=\"elementor-container elementor-column-gap-narrow\">\n\t\t\t\t\t<div class=\"elementor-column elementor-col-50 elementor-top-column elementor-element elementor-element-67ab2565\" data-id=\"67ab2565\" data-element_type=\"column\" data-e-type=\"column\">\n\t\t\t<div class=\"elementor-widget-wrap elementor-element-populated\">\n\t\t\t\t\t\t<div class=\"elementor-element elementor-element-2a6d21e1 elementor-widget elementor-widget-image\" data-id=\"2a6d21e1\" data-element_type=\"widget\" data-e-type=\"widget\" data-widget_type=\"image.default\">\n\t\t\t\t<div class=\"elementor-widget-container\">\n\t\t\t\t\t\t\t\t\t\t\t\t\t\t\t\t<a href=\"https:\/\/ladonatapatia.com\/en\/sopas-y-ensaladas\/ensalada-de-verduras\/\">\n\t\t\t\t\t\t\t<img decoding=\"async\" width=\"800\" height=\"799\" src=\"https:\/\/ladonatapatia.com\/wp-content\/uploads\/2022\/12\/ensalada-verde-la-dona-tapatia-guadalajara.jpg\" class=\"attachment-large size-large wp-image-406\" alt=\"\" srcset=\"https:\/\/ladonatapatia.com\/wp-content\/uploads\/2022\/12\/ensalada-verde-la-dona-tapatia-guadalajara.jpg 1024w, https:\/\/ladonatapatia.com\/wp-content\/uploads\/2022\/12\/ensalada-verde-la-dona-tapatia-guadalajara-150x150.jpg 150w, https:\/\/ladonatapatia.com\/wp-content\/uploads\/2022\/12\/ensalada-verde-la-dona-tapatia-guadalajara-300x300.jpg 300w, https:\/\/ladonatapatia.com\/wp-content\/uploads\/2022\/12\/ensalada-verde-la-dona-tapatia-guadalajara-768x767.jpg 768w, https:\/\/ladonatapatia.com\/wp-content\/uploads\/2022\/12\/ensalada-verde-la-dona-tapatia-guadalajara-12x12.jpg 12w\" sizes=\"(max-width: 800px) 100vw, 800px\" \/>\t\t\t\t\t\t\t\t<\/a>\n\t\t\t\t\t\t\t\t\t\t\t\t\t\t\t<\/div>\n\t\t\t\t<\/div>\n\t\t\t\t<div class=\"elementor-element elementor-element-5134e519 elementor-widget elementor-widget-heading\" data-id=\"5134e519\" data-element_type=\"widget\" data-e-type=\"widget\" data-widget_type=\"heading.default\">\n\t\t\t\t<div class=\"elementor-widget-container\">\n\t\t\t\t\t<h2 class=\"elementor-heading-title elementor-size-default\"><a href=\"https:\/\/ladonatapatia.com\/en\/sopas-y-ensaladas\/ensalada-de-verduras\/\">VEGGIES<br>\nSALAD<\/a><\/h2>\t\t\t\t<\/div>\n\t\t\t\t<\/div>\n\t\t\t\t\t<\/div>\n\t\t<\/div>\n\t\t\t\t<div class=\"elementor-column elementor-col-50 elementor-top-column elementor-element elementor-element-492b2ef2\" data-id=\"492b2ef2\" data-element_type=\"column\" data-e-type=\"column\">\n\t\t\t<div class=\"elementor-widget-wrap\">\n\t\t\t\t\t\t\t<\/div>\n\t\t<\/div>\n\t\t\t\t\t<\/div>\n\t\t<\/section>\n\t\t\t\t<section class=\"elementor-section elementor-top-section elementor-element elementor-element-15af953b elementor-section-boxed elementor-section-height-default elementor-section-height-default\" data-id=\"15af953b\" data-element_type=\"section\" data-e-type=\"section\" data-settings=\"{&quot;animation_mobile&quot;:&quot;slideInUp&quot;}\">\n\t\t\t\t\t\t\t<div class=\"elementor-background-overlay\"><\/div>\n\t\t\t\t\t\t\t<div class=\"elementor-container elementor-column-gap-narrow\">\n\t\t\t\t\t<div class=\"elementor-column elementor-col-100 elementor-top-column elementor-element elementor-element-560c1a73\" data-id=\"560c1a73\" data-element_type=\"column\" data-e-type=\"column\">\n\t\t\t<div class=\"elementor-widget-wrap elementor-element-populated\">\n\t\t\t\t\t\t<div class=\"elementor-element elementor-element-594d1c07 elementor-widget elementor-widget-spacer\" data-id=\"594d1c07\" data-element_type=\"widget\" data-e-type=\"widget\" data-widget_type=\"spacer.default\">\n\t\t\t\t<div class=\"elementor-widget-container\">\n\t\t\t\t\t\t\t<div class=\"elementor-spacer\">\n\t\t\t<div class=\"elementor-spacer-inner\"><\/div>\n\t\t<\/div>\n\t\t\t\t\t\t<\/div>\n\t\t\t\t<\/div>\n\t\t\t\t<div class=\"elementor-element elementor-element-5d921d22 elementor-widget elementor-widget-heading\" data-id=\"5d921d22\" data-element_type=\"widget\" data-e-type=\"widget\" data-widget_type=\"heading.default\">\n\t\t\t\t<div class=\"elementor-widget-container\">\n\t\t\t\t\t<h2 class=\"elementor-heading-title elementor-size-default\"><a href=\"https:\/\/ladonatapatia.com\/en\/\">&lt;&lt; BACK TO MENU &lt;&lt;<\/a><\/h2>\t\t\t\t<\/div>\n\t\t\t\t<\/div>\n\t\t\t\t\t<\/div>\n\t\t<\/div>\n\t\t\t\t\t<\/div>\n\t\t<\/section>\n\t\t\t\t<\/div>","protected":false},"excerpt":{"rendered":"<p>SOPAS Y ENSALADAS CONSOM\u00c9DE POLLO CALDO TLALPE\u00d1O ENSALADA DE VERDURAS &lt;&lt; REGRESAR AL MEN\u00da &lt;&lt;<\/p>","protected":false},"author":17,"featured_media":0,"parent":0,"menu_order":0,"comment_status":"closed","ping_status":"closed","template":"","meta":{"footnotes":""},"class_list":["post-389","page","type-page","status-publish","hentry"],"_links":{"self":[{"href":"https:\/\/ladonatapatia.com\/en\/wp-json\/wp\/v2\/pages\/389"}],"collection":[{"href":"https:\/\/ladonatapatia.com\/en\/wp-json\/wp\/v2\/pages"}],"about":[{"href":"https:\/\/ladonatapatia.com\/en\/wp-json\/wp\/v2\/types\/page"}],"author":[{"embeddable":true,"href":"https:\/\/ladonatapatia.com\/en\/wp-json\/wp\/v2\/users\/17"}],"replies":[{"embeddable":true,"href":"https:\/\/ladonatapatia.com\/en\/wp-json\/wp\/v2\/comments?post=389"}],"version-history":[{"count":16,"href":"https:\/\/ladonatapatia.com\/en\/wp-json\/wp\/v2\/pages\/389\/revisions"}],"predecessor-version":[{"id":412,"href":"https:\/\/ladonatapatia.com\/en\/wp-json\/wp\/v2\/pages\/389\/revisions\/412"}],"wp:attachment":[{"href":"https:\/\/ladonatapatia.com\/en\/wp-json\/wp\/v2\/media?parent=389"}],"curies":[{"name":"wp","href":"https:\/\/api.w.org\/{rel}","templated":true}]}}