{"id":568,"date":"2022-12-28T15:33:13","date_gmt":"2022-12-28T15:33:13","guid":{"rendered":"https:\/\/ladonatapatia.com\/?page_id=568"},"modified":"2025-04-30T23:31:39","modified_gmt":"2025-04-30T23:31:39","slug":"huevos-al-gusto","status":"publish","type":"page","link":"https:\/\/ladonatapatia.com\/en\/huevos-al-gusto\/","title":{"rendered":"Huevos al gusto"},"content":{"rendered":"<div data-elementor-type=\"wp-page\" data-elementor-id=\"568\" class=\"elementor elementor-568\" data-elementor-post-type=\"page\">\n\t\t\t\t\t\t<section class=\"elementor-section elementor-top-section elementor-element elementor-element-4102a7da elementor-section-boxed elementor-section-height-default elementor-section-height-default\" data-id=\"4102a7da\" data-element_type=\"section\" data-e-type=\"section\">\n\t\t\t\t\t\t<div class=\"elementor-container elementor-column-gap-default\">\n\t\t\t\t\t<div class=\"elementor-column elementor-col-100 elementor-top-column elementor-element elementor-element-62c1d87b\" data-id=\"62c1d87b\" data-element_type=\"column\" data-e-type=\"column\">\n\t\t\t<div class=\"elementor-widget-wrap elementor-element-populated\">\n\t\t\t\t\t\t<section class=\"elementor-section elementor-inner-section elementor-element elementor-element-48b2d3cf elementor-section-boxed elementor-section-height-default elementor-section-height-default\" data-id=\"48b2d3cf\" data-element_type=\"section\" data-e-type=\"section\">\n\t\t\t\t\t\t<div class=\"elementor-container elementor-column-gap-default\">\n\t\t\t\t\t<div class=\"elementor-column elementor-col-100 elementor-inner-column elementor-element elementor-element-48267dbf\" data-id=\"48267dbf\" data-element_type=\"column\" data-e-type=\"column\">\n\t\t\t<div class=\"elementor-widget-wrap elementor-element-populated\">\n\t\t\t\t\t\t<div class=\"elementor-element elementor-element-6c0bfb8a elementor-widget elementor-widget-heading\" data-id=\"6c0bfb8a\" data-element_type=\"widget\" data-e-type=\"widget\" data-widget_type=\"heading.default\">\n\t\t\t\t<div class=\"elementor-widget-container\">\n\t\t\t\t\t<h2 class=\"elementor-heading-title elementor-size-default\">Eggs cooked to order<\/h2>\t\t\t\t<\/div>\n\t\t\t\t<\/div>\n\t\t\t\t\t<\/div>\n\t\t<\/div>\n\t\t\t\t\t<\/div>\n\t\t<\/section>\n\t\t\t\t<div class=\"elementor-element elementor-element-5c79e335 elementor-widget elementor-widget-image\" data-id=\"5c79e335\" data-element_type=\"widget\" data-e-type=\"widget\" data-widget_type=\"image.default\">\n\t\t\t\t<div class=\"elementor-widget-container\">\n\t\t\t\t\t\t\t\t\t\t\t\t\t\t\t<img fetchpriority=\"high\" decoding=\"async\" width=\"800\" height=\"800\" src=\"https:\/\/ladonatapatia.com\/wp-content\/uploads\/2022\/12\/huevos-al-gusto-desayuno-mexicano-en-guadalajara.jpg\" class=\"attachment-large size-large wp-image-326\" alt=\"\" srcset=\"https:\/\/ladonatapatia.com\/wp-content\/uploads\/2022\/12\/huevos-al-gusto-desayuno-mexicano-en-guadalajara.jpg 1025w, https:\/\/ladonatapatia.com\/wp-content\/uploads\/2022\/12\/huevos-al-gusto-desayuno-mexicano-en-guadalajara-150x150.jpg 150w, https:\/\/ladonatapatia.com\/wp-content\/uploads\/2022\/12\/huevos-al-gusto-desayuno-mexicano-en-guadalajara-300x300.jpg 300w, https:\/\/ladonatapatia.com\/wp-content\/uploads\/2022\/12\/huevos-al-gusto-desayuno-mexicano-en-guadalajara-768x768.jpg 768w, https:\/\/ladonatapatia.com\/wp-content\/uploads\/2022\/12\/huevos-al-gusto-desayuno-mexicano-en-guadalajara-12x12.jpg 12w\" sizes=\"(max-width: 800px) 100vw, 800px\" \/>\t\t\t\t\t\t\t\t\t\t\t\t\t\t\t<\/div>\n\t\t\t\t<\/div>\n\t\t\t\t\t<\/div>\n\t\t<\/div>\n\t\t\t\t\t<\/div>\n\t\t<\/section>\n\t\t\t\t<section class=\"elementor-section elementor-top-section elementor-element elementor-element-0d4e968 elementor-section-boxed elementor-section-height-default elementor-section-height-default\" data-id=\"0d4e968\" data-element_type=\"section\" data-e-type=\"section\">\n\t\t\t\t\t\t<div class=\"elementor-container elementor-column-gap-default\">\n\t\t\t\t\t<div class=\"elementor-column elementor-col-50 elementor-top-column elementor-element elementor-element-041ced5\" data-id=\"041ced5\" data-element_type=\"column\" data-e-type=\"column\">\n\t\t\t<div class=\"elementor-widget-wrap elementor-element-populated\">\n\t\t\t\t\t\t<div class=\"elementor-element elementor-element-3f5abb9 elementor-widget elementor-widget-heading\" data-id=\"3f5abb9\" data-element_type=\"widget\" data-e-type=\"widget\" data-widget_type=\"heading.default\">\n\t\t\t\t<div class=\"elementor-widget-container\">\n\t\t\t\t\t<h2 class=\"elementor-heading-title elementor-size-default\">Price:<\/h2>\t\t\t\t<\/div>\n\t\t\t\t<\/div>\n\t\t\t\t\t<\/div>\n\t\t<\/div>\n\t\t\t\t<div class=\"elementor-column elementor-col-50 elementor-top-column elementor-element elementor-element-fca56b3\" data-id=\"fca56b3\" data-element_type=\"column\" data-e-type=\"column\">\n\t\t\t<div class=\"elementor-widget-wrap elementor-element-populated\">\n\t\t\t\t\t\t<div class=\"elementor-element elementor-element-dd69793 elementor-widget elementor-widget-heading\" data-id=\"dd69793\" data-element_type=\"widget\" data-e-type=\"widget\" data-widget_type=\"heading.default\">\n\t\t\t\t<div class=\"elementor-widget-container\">\n\t\t\t\t\t<h2 class=\"elementor-heading-title elementor-size-default\">$170<\/h2>\t\t\t\t<\/div>\n\t\t\t\t<\/div>\n\t\t\t\t\t<\/div>\n\t\t<\/div>\n\t\t\t\t\t<\/div>\n\t\t<\/section>\n\t\t\t\t<section class=\"elementor-section elementor-top-section elementor-element elementor-element-1cc1ba1f elementor-section-boxed elementor-section-height-default elementor-section-height-default\" data-id=\"1cc1ba1f\" data-element_type=\"section\" data-e-type=\"section\" data-settings=\"{&quot;animation_mobile&quot;:&quot;slideInUp&quot;}\">\n\t\t\t\t\t\t\t<div class=\"elementor-background-overlay\"><\/div>\n\t\t\t\t\t\t\t<div class=\"elementor-container elementor-column-gap-narrow\">\n\t\t\t\t\t<div class=\"elementor-column elementor-col-100 elementor-top-column elementor-element elementor-element-1b0aaa0a\" data-id=\"1b0aaa0a\" data-element_type=\"column\" data-e-type=\"column\">\n\t\t\t<div class=\"elementor-widget-wrap elementor-element-populated\">\n\t\t\t\t\t\t<section class=\"elementor-section elementor-inner-section elementor-element elementor-element-66e2af0e elementor-section-boxed elementor-section-height-default elementor-section-height-default\" data-id=\"66e2af0e\" data-element_type=\"section\" data-e-type=\"section\">\n\t\t\t\t\t\t<div class=\"elementor-container elementor-column-gap-default\">\n\t\t\t\t\t<div class=\"elementor-column elementor-col-100 elementor-inner-column elementor-element elementor-element-59271f5d\" data-id=\"59271f5d\" data-element_type=\"column\" data-e-type=\"column\">\n\t\t\t<div class=\"elementor-widget-wrap elementor-element-populated\">\n\t\t\t\t\t\t<div class=\"elementor-element elementor-element-49de50d8 elementor-widget elementor-widget-text-editor\" data-id=\"49de50d8\" data-element_type=\"widget\" data-e-type=\"widget\" data-widget_type=\"text-editor.default\">\n\t\t\t\t<div class=\"elementor-widget-container\">\n\t\t\t\t\t\t\t\t\t<p style=\"text-align: justify;\">Elige entre:<br \/>Rancheros, A la Mexicana, Estrellados o Revueltos con jam\u00f3n o tocino.<br \/>*Acompa\u00f1ado de chilaquiles y frijoles de guarnici\u00f3n<br \/>* Includes: Juice or fruit, coffee or tea.<\/p>\t\t\t\t\t\t\t\t<\/div>\n\t\t\t\t<\/div>\n\t\t\t\t<div class=\"elementor-element elementor-element-21d6282c elementor-widget elementor-widget-heading\" data-id=\"21d6282c\" data-element_type=\"widget\" data-e-type=\"widget\" data-widget_type=\"heading.default\">\n\t\t\t\t<div class=\"elementor-widget-container\">\n\t\t\t\t\t<h2 class=\"elementor-heading-title elementor-size-xl\"><a href=\"https:\/\/ladonatapatia.com\/en\/desayunos-completos\/\">&lt;&lt; BACK TO BREAKFAST<\/a><\/h2>\t\t\t\t<\/div>\n\t\t\t\t<\/div>\n\t\t\t\t<div class=\"elementor-element elementor-element-7cf5a785 elementor-widget-divider--view-line elementor-widget elementor-widget-divider\" data-id=\"7cf5a785\" data-element_type=\"widget\" data-e-type=\"widget\" data-widget_type=\"divider.default\">\n\t\t\t\t<div class=\"elementor-widget-container\">\n\t\t\t\t\t\t\t<div class=\"elementor-divider\">\n\t\t\t<span class=\"elementor-divider-separator\">\n\t\t\t\t\t\t<\/span>\n\t\t<\/div>\n\t\t\t\t\t\t<\/div>\n\t\t\t\t<\/div>\n\t\t\t\t<div class=\"elementor-element elementor-element-210b5a6d elementor-widget-divider--view-line elementor-widget elementor-widget-divider\" data-id=\"210b5a6d\" data-element_type=\"widget\" data-e-type=\"widget\" data-widget_type=\"divider.default\">\n\t\t\t\t<div class=\"elementor-widget-container\">\n\t\t\t\t\t\t\t<div class=\"elementor-divider\">\n\t\t\t<span class=\"elementor-divider-separator\">\n\t\t\t\t\t\t<\/span>\n\t\t<\/div>\n\t\t\t\t\t\t<\/div>\n\t\t\t\t<\/div>\n\t\t\t\t\t<\/div>\n\t\t<\/div>\n\t\t\t\t\t<\/div>\n\t\t<\/section>\n\t\t\t\t\t<\/div>\n\t\t<\/div>\n\t\t\t\t\t<\/div>\n\t\t<\/section>\n\t\t\t\t<\/div>","protected":false},"excerpt":{"rendered":"<p>Huevos al Gusto Precio: $170 Elige entre:Rancheros, A la Mexicana, Estrellados o Revueltos con jam\u00f3n o tocino.*Acompa\u00f1ado de chilaquiles y frijoles de guarnici\u00f3n*Incluye jugo o fruta y caf\u00e9 o t\u00e9. &lt;&lt; REGRESAR A DESAYUNOS<\/p>","protected":false},"author":17,"featured_media":0,"parent":0,"menu_order":0,"comment_status":"closed","ping_status":"closed","template":"","meta":{"footnotes":""},"class_list":["post-568","page","type-page","status-publish","hentry"],"_links":{"self":[{"href":"https:\/\/ladonatapatia.com\/en\/wp-json\/wp\/v2\/pages\/568"}],"collection":[{"href":"https:\/\/ladonatapatia.com\/en\/wp-json\/wp\/v2\/pages"}],"about":[{"href":"https:\/\/ladonatapatia.com\/en\/wp-json\/wp\/v2\/types\/page"}],"author":[{"embeddable":true,"href":"https:\/\/ladonatapatia.com\/en\/wp-json\/wp\/v2\/users\/17"}],"replies":[{"embeddable":true,"href":"https:\/\/ladonatapatia.com\/en\/wp-json\/wp\/v2\/comments?post=568"}],"version-history":[{"count":88,"href":"https:\/\/ladonatapatia.com\/en\/wp-json\/wp\/v2\/pages\/568\/revisions"}],"predecessor-version":[{"id":1358,"href":"https:\/\/ladonatapatia.com\/en\/wp-json\/wp\/v2\/pages\/568\/revisions\/1358"}],"wp:attachment":[{"href":"https:\/\/ladonatapatia.com\/en\/wp-json\/wp\/v2\/media?parent=568"}],"curies":[{"name":"wp","href":"https:\/\/api.w.org\/{rel}","templated":true}]}}