{"id":718,"date":"2023-01-03T19:31:10","date_gmt":"2023-01-03T19:31:10","guid":{"rendered":"https:\/\/ladonatapatia.com\/?page_id=718"},"modified":"2025-04-30T23:42:33","modified_gmt":"2025-04-30T23:42:33","slug":"chilaquiles","status":"publish","type":"page","link":"https:\/\/ladonatapatia.com\/en\/desayunos-completos\/chilaquiles\/","title":{"rendered":"Chilaquiles"},"content":{"rendered":"<div data-elementor-type=\"wp-page\" data-elementor-id=\"718\" class=\"elementor elementor-718\" data-elementor-post-type=\"page\">\n\t\t\t\t\t\t<section class=\"elementor-section elementor-top-section elementor-element elementor-element-7c73fdf elementor-section-boxed elementor-section-height-default elementor-section-height-default\" data-id=\"7c73fdf\" data-element_type=\"section\" data-e-type=\"section\">\n\t\t\t\t\t\t<div class=\"elementor-container elementor-column-gap-default\">\n\t\t\t\t\t<div class=\"elementor-column elementor-col-100 elementor-top-column elementor-element elementor-element-7f32c735\" data-id=\"7f32c735\" data-element_type=\"column\" data-e-type=\"column\">\n\t\t\t<div class=\"elementor-widget-wrap elementor-element-populated\">\n\t\t\t\t\t\t<section class=\"elementor-section elementor-inner-section elementor-element elementor-element-4f26c2a elementor-section-boxed elementor-section-height-default elementor-section-height-default\" data-id=\"4f26c2a\" data-element_type=\"section\" data-e-type=\"section\">\n\t\t\t\t\t\t<div class=\"elementor-container elementor-column-gap-default\">\n\t\t\t\t\t<div class=\"elementor-column elementor-col-100 elementor-inner-column elementor-element elementor-element-387efa72\" data-id=\"387efa72\" data-element_type=\"column\" data-e-type=\"column\">\n\t\t\t<div class=\"elementor-widget-wrap elementor-element-populated\">\n\t\t\t\t\t\t<div class=\"elementor-element elementor-element-21e0bcb2 elementor-widget elementor-widget-heading\" data-id=\"21e0bcb2\" data-element_type=\"widget\" data-e-type=\"widget\" data-widget_type=\"heading.default\">\n\t\t\t\t<div class=\"elementor-widget-container\">\n\t\t\t\t\t<h2 class=\"elementor-heading-title elementor-size-default\">Chilaquiles<\/h2>\t\t\t\t<\/div>\n\t\t\t\t<\/div>\n\t\t\t\t\t<\/div>\n\t\t<\/div>\n\t\t\t\t\t<\/div>\n\t\t<\/section>\n\t\t\t\t<div class=\"elementor-element elementor-element-1bebc9ef elementor-widget elementor-widget-image\" data-id=\"1bebc9ef\" data-element_type=\"widget\" data-e-type=\"widget\" data-widget_type=\"image.default\">\n\t\t\t\t<div class=\"elementor-widget-container\">\n\t\t\t\t\t\t\t\t\t\t\t\t\t\t\t<img fetchpriority=\"high\" decoding=\"async\" width=\"800\" height=\"800\" src=\"https:\/\/ladonatapatia.com\/wp-content\/uploads\/2022\/12\/chilaquiles-1024x1024.jpg\" class=\"attachment-large size-large wp-image-362\" alt=\"\" srcset=\"https:\/\/ladonatapatia.com\/wp-content\/uploads\/2022\/12\/chilaquiles-1024x1024.jpg 1024w, https:\/\/ladonatapatia.com\/wp-content\/uploads\/2022\/12\/chilaquiles-150x150.jpg 150w, https:\/\/ladonatapatia.com\/wp-content\/uploads\/2022\/12\/chilaquiles-300x300.jpg 300w, https:\/\/ladonatapatia.com\/wp-content\/uploads\/2022\/12\/chilaquiles-768x768.jpg 768w, https:\/\/ladonatapatia.com\/wp-content\/uploads\/2022\/12\/chilaquiles-12x12.jpg 12w, https:\/\/ladonatapatia.com\/wp-content\/uploads\/2022\/12\/chilaquiles.jpg 1026w\" sizes=\"(max-width: 800px) 100vw, 800px\" \/>\t\t\t\t\t\t\t\t\t\t\t\t\t\t\t<\/div>\n\t\t\t\t<\/div>\n\t\t\t\t\t<\/div>\n\t\t<\/div>\n\t\t\t\t\t<\/div>\n\t\t<\/section>\n\t\t\t\t<section class=\"elementor-section elementor-top-section elementor-element elementor-element-58762844 elementor-section-boxed elementor-section-height-default elementor-section-height-default\" data-id=\"58762844\" data-element_type=\"section\" data-e-type=\"section\">\n\t\t\t\t\t\t<div class=\"elementor-container elementor-column-gap-default\">\n\t\t\t\t\t<div class=\"elementor-column elementor-col-50 elementor-top-column elementor-element elementor-element-480e2152\" data-id=\"480e2152\" data-element_type=\"column\" data-e-type=\"column\">\n\t\t\t<div class=\"elementor-widget-wrap elementor-element-populated\">\n\t\t\t\t\t\t<div class=\"elementor-element elementor-element-21e8ccad elementor-widget elementor-widget-heading\" data-id=\"21e8ccad\" data-element_type=\"widget\" data-e-type=\"widget\" data-widget_type=\"heading.default\">\n\t\t\t\t<div class=\"elementor-widget-container\">\n\t\t\t\t\t<h2 class=\"elementor-heading-title elementor-size-default\">Price:<\/h2>\t\t\t\t<\/div>\n\t\t\t\t<\/div>\n\t\t\t\t\t<\/div>\n\t\t<\/div>\n\t\t\t\t<div class=\"elementor-column elementor-col-50 elementor-top-column elementor-element elementor-element-191b7809\" data-id=\"191b7809\" data-element_type=\"column\" data-e-type=\"column\">\n\t\t\t<div class=\"elementor-widget-wrap elementor-element-populated\">\n\t\t\t\t\t\t<div class=\"elementor-element elementor-element-383df8ef elementor-widget elementor-widget-heading\" data-id=\"383df8ef\" data-element_type=\"widget\" data-e-type=\"widget\" data-widget_type=\"heading.default\">\n\t\t\t\t<div class=\"elementor-widget-container\">\n\t\t\t\t\t<h2 class=\"elementor-heading-title elementor-size-default\">$170<\/h2>\t\t\t\t<\/div>\n\t\t\t\t<\/div>\n\t\t\t\t\t<\/div>\n\t\t<\/div>\n\t\t\t\t\t<\/div>\n\t\t<\/section>\n\t\t\t\t<section class=\"elementor-section elementor-top-section elementor-element elementor-element-64baa4bb elementor-section-boxed elementor-section-height-default elementor-section-height-default\" data-id=\"64baa4bb\" data-element_type=\"section\" data-e-type=\"section\" data-settings=\"{&quot;animation_mobile&quot;:&quot;slideInUp&quot;}\">\n\t\t\t\t\t\t\t<div class=\"elementor-background-overlay\"><\/div>\n\t\t\t\t\t\t\t<div class=\"elementor-container elementor-column-gap-narrow\">\n\t\t\t\t\t<div class=\"elementor-column elementor-col-100 elementor-top-column elementor-element elementor-element-749f5942\" data-id=\"749f5942\" data-element_type=\"column\" data-e-type=\"column\">\n\t\t\t<div class=\"elementor-widget-wrap elementor-element-populated\">\n\t\t\t\t\t\t<section class=\"elementor-section elementor-inner-section elementor-element elementor-element-5251a0f0 elementor-section-boxed elementor-section-height-default elementor-section-height-default\" data-id=\"5251a0f0\" data-element_type=\"section\" data-e-type=\"section\">\n\t\t\t\t\t\t<div class=\"elementor-container elementor-column-gap-default\">\n\t\t\t\t\t<div class=\"elementor-column elementor-col-100 elementor-inner-column elementor-element elementor-element-40a2fb96\" data-id=\"40a2fb96\" data-element_type=\"column\" data-e-type=\"column\">\n\t\t\t<div class=\"elementor-widget-wrap elementor-element-populated\">\n\t\t\t\t\t\t<div class=\"elementor-element elementor-element-3d554f49 elementor-widget elementor-widget-text-editor\" data-id=\"3d554f49\" data-element_type=\"widget\" data-e-type=\"widget\" data-widget_type=\"text-editor.default\">\n\t\t\t\t<div class=\"elementor-widget-container\">\n\t\t\t\t\t\t\t\t\t<p style=\"text-align: justify;\">Your choice of red (tomatoe) or green (tomatillo) sauce.<br \/>*Frijoles de guarnici\u00f3n.<br \/>* Includes: Juice or fruit, coffee or tea.<\/p>\t\t\t\t\t\t\t\t<\/div>\n\t\t\t\t<\/div>\n\t\t\t\t<div class=\"elementor-element elementor-element-681cd759 elementor-widget elementor-widget-heading\" data-id=\"681cd759\" data-element_type=\"widget\" data-e-type=\"widget\" data-widget_type=\"heading.default\">\n\t\t\t\t<div class=\"elementor-widget-container\">\n\t\t\t\t\t<h2 class=\"elementor-heading-title elementor-size-xl\"><a href=\"https:\/\/ladonatapatia.com\/en\/desayunos-completos\/\">&lt;&lt; BACK TO BREAKFAST<\/a><\/h2>\t\t\t\t<\/div>\n\t\t\t\t<\/div>\n\t\t\t\t<div class=\"elementor-element elementor-element-33d93d72 elementor-widget-divider--view-line elementor-widget elementor-widget-divider\" data-id=\"33d93d72\" data-element_type=\"widget\" data-e-type=\"widget\" data-widget_type=\"divider.default\">\n\t\t\t\t<div class=\"elementor-widget-container\">\n\t\t\t\t\t\t\t<div class=\"elementor-divider\">\n\t\t\t<span class=\"elementor-divider-separator\">\n\t\t\t\t\t\t<\/span>\n\t\t<\/div>\n\t\t\t\t\t\t<\/div>\n\t\t\t\t<\/div>\n\t\t\t\t<div class=\"elementor-element elementor-element-706dc66b elementor-widget-divider--view-line elementor-widget elementor-widget-divider\" data-id=\"706dc66b\" data-element_type=\"widget\" data-e-type=\"widget\" data-widget_type=\"divider.default\">\n\t\t\t\t<div class=\"elementor-widget-container\">\n\t\t\t\t\t\t\t<div class=\"elementor-divider\">\n\t\t\t<span class=\"elementor-divider-separator\">\n\t\t\t\t\t\t<\/span>\n\t\t<\/div>\n\t\t\t\t\t\t<\/div>\n\t\t\t\t<\/div>\n\t\t\t\t\t<\/div>\n\t\t<\/div>\n\t\t\t\t\t<\/div>\n\t\t<\/section>\n\t\t\t\t\t<\/div>\n\t\t<\/div>\n\t\t\t\t\t<\/div>\n\t\t<\/section>\n\t\t\t\t<\/div>","protected":false},"excerpt":{"rendered":"<p>Chilaquiles Precio: $170 En salsa roja o salsa verde.*Frijoles de guarnici\u00f3n.*Incluye jugo o fruta y caf\u00e9 o t\u00e9. &lt;&lt; REGRESAR A DESAYUNOS<\/p>","protected":false},"author":17,"featured_media":0,"parent":294,"menu_order":0,"comment_status":"closed","ping_status":"closed","template":"","meta":{"footnotes":""},"class_list":["post-718","page","type-page","status-publish","hentry"],"_links":{"self":[{"href":"https:\/\/ladonatapatia.com\/en\/wp-json\/wp\/v2\/pages\/718"}],"collection":[{"href":"https:\/\/ladonatapatia.com\/en\/wp-json\/wp\/v2\/pages"}],"about":[{"href":"https:\/\/ladonatapatia.com\/en\/wp-json\/wp\/v2\/types\/page"}],"author":[{"embeddable":true,"href":"https:\/\/ladonatapatia.com\/en\/wp-json\/wp\/v2\/users\/17"}],"replies":[{"embeddable":true,"href":"https:\/\/ladonatapatia.com\/en\/wp-json\/wp\/v2\/comments?post=718"}],"version-history":[{"count":22,"href":"https:\/\/ladonatapatia.com\/en\/wp-json\/wp\/v2\/pages\/718\/revisions"}],"predecessor-version":[{"id":1367,"href":"https:\/\/ladonatapatia.com\/en\/wp-json\/wp\/v2\/pages\/718\/revisions\/1367"}],"up":[{"embeddable":true,"href":"https:\/\/ladonatapatia.com\/en\/wp-json\/wp\/v2\/pages\/294"}],"wp:attachment":[{"href":"https:\/\/ladonatapatia.com\/en\/wp-json\/wp\/v2\/media?parent=718"}],"curies":[{"name":"wp","href":"https:\/\/api.w.org\/{rel}","templated":true}]}}