{"id":733,"date":"2023-01-03T19:33:55","date_gmt":"2023-01-03T19:33:55","guid":{"rendered":"https:\/\/ladonatapatia.com\/?page_id=733"},"modified":"2025-04-30T23:46:21","modified_gmt":"2025-04-30T23:46:21","slug":"hot-cakes","status":"publish","type":"page","link":"https:\/\/ladonatapatia.com\/en\/desayunos-completos\/hot-cakes\/","title":{"rendered":"Hot Cakes"},"content":{"rendered":"<div data-elementor-type=\"wp-page\" data-elementor-id=\"733\" class=\"elementor elementor-733\" data-elementor-post-type=\"page\">\n\t\t\t\t\t\t<section class=\"elementor-section elementor-top-section elementor-element elementor-element-29262871 elementor-section-boxed elementor-section-height-default elementor-section-height-default\" data-id=\"29262871\" data-element_type=\"section\" data-e-type=\"section\">\n\t\t\t\t\t\t<div class=\"elementor-container elementor-column-gap-default\">\n\t\t\t\t\t<div class=\"elementor-column elementor-col-100 elementor-top-column elementor-element elementor-element-68138871\" data-id=\"68138871\" data-element_type=\"column\" data-e-type=\"column\">\n\t\t\t<div class=\"elementor-widget-wrap elementor-element-populated\">\n\t\t\t\t\t\t<section class=\"elementor-section elementor-inner-section elementor-element elementor-element-1f0c27fc elementor-section-boxed elementor-section-height-default elementor-section-height-default\" data-id=\"1f0c27fc\" data-element_type=\"section\" data-e-type=\"section\">\n\t\t\t\t\t\t<div class=\"elementor-container elementor-column-gap-default\">\n\t\t\t\t\t<div class=\"elementor-column elementor-col-100 elementor-inner-column elementor-element elementor-element-7108f375\" data-id=\"7108f375\" data-element_type=\"column\" data-e-type=\"column\">\n\t\t\t<div class=\"elementor-widget-wrap elementor-element-populated\">\n\t\t\t\t\t\t<div class=\"elementor-element elementor-element-692c4149 elementor-widget elementor-widget-heading\" data-id=\"692c4149\" data-element_type=\"widget\" data-e-type=\"widget\" data-widget_type=\"heading.default\">\n\t\t\t\t<div class=\"elementor-widget-container\">\n\t\t\t\t\t<h2 class=\"elementor-heading-title elementor-size-default\">Hot cakes<\/h2>\t\t\t\t<\/div>\n\t\t\t\t<\/div>\n\t\t\t\t\t<\/div>\n\t\t<\/div>\n\t\t\t\t\t<\/div>\n\t\t<\/section>\n\t\t\t\t<div class=\"elementor-element elementor-element-292247d9 elementor-widget elementor-widget-image\" data-id=\"292247d9\" data-element_type=\"widget\" data-e-type=\"widget\" data-widget_type=\"image.default\">\n\t\t\t\t<div class=\"elementor-widget-container\">\n\t\t\t\t\t\t\t\t\t\t\t\t\t\t\t<img fetchpriority=\"high\" decoding=\"async\" width=\"800\" height=\"800\" src=\"https:\/\/ladonatapatia.com\/wp-content\/uploads\/2022\/12\/hot-cakes-desayunos-gdl.jpg.jpg\" class=\"attachment-large size-large wp-image-348\" alt=\"\" srcset=\"https:\/\/ladonatapatia.com\/wp-content\/uploads\/2022\/12\/hot-cakes-desayunos-gdl.jpg.jpg 1025w, https:\/\/ladonatapatia.com\/wp-content\/uploads\/2022\/12\/hot-cakes-desayunos-gdl.jpg-150x150.jpg 150w, https:\/\/ladonatapatia.com\/wp-content\/uploads\/2022\/12\/hot-cakes-desayunos-gdl.jpg-300x300.jpg 300w, https:\/\/ladonatapatia.com\/wp-content\/uploads\/2022\/12\/hot-cakes-desayunos-gdl.jpg-768x768.jpg 768w, https:\/\/ladonatapatia.com\/wp-content\/uploads\/2022\/12\/hot-cakes-desayunos-gdl.jpg-12x12.jpg 12w\" sizes=\"(max-width: 800px) 100vw, 800px\" \/>\t\t\t\t\t\t\t\t\t\t\t\t\t\t\t<\/div>\n\t\t\t\t<\/div>\n\t\t\t\t\t<\/div>\n\t\t<\/div>\n\t\t\t\t\t<\/div>\n\t\t<\/section>\n\t\t\t\t<section class=\"elementor-section elementor-top-section elementor-element elementor-element-1edc2a77 elementor-section-boxed elementor-section-height-default elementor-section-height-default\" data-id=\"1edc2a77\" data-element_type=\"section\" data-e-type=\"section\">\n\t\t\t\t\t\t<div class=\"elementor-container elementor-column-gap-default\">\n\t\t\t\t\t<div class=\"elementor-column elementor-col-50 elementor-top-column elementor-element elementor-element-e8747b5\" data-id=\"e8747b5\" data-element_type=\"column\" data-e-type=\"column\">\n\t\t\t<div class=\"elementor-widget-wrap elementor-element-populated\">\n\t\t\t\t\t\t<div class=\"elementor-element elementor-element-55ec7c55 elementor-widget elementor-widget-heading\" data-id=\"55ec7c55\" data-element_type=\"widget\" data-e-type=\"widget\" data-widget_type=\"heading.default\">\n\t\t\t\t<div class=\"elementor-widget-container\">\n\t\t\t\t\t<h2 class=\"elementor-heading-title elementor-size-default\">Price:<\/h2>\t\t\t\t<\/div>\n\t\t\t\t<\/div>\n\t\t\t\t\t<\/div>\n\t\t<\/div>\n\t\t\t\t<div class=\"elementor-column elementor-col-50 elementor-top-column elementor-element elementor-element-5ffc5d1a\" data-id=\"5ffc5d1a\" data-element_type=\"column\" data-e-type=\"column\">\n\t\t\t<div class=\"elementor-widget-wrap elementor-element-populated\">\n\t\t\t\t\t\t<div class=\"elementor-element elementor-element-29525a83 elementor-widget elementor-widget-heading\" data-id=\"29525a83\" data-element_type=\"widget\" data-e-type=\"widget\" data-widget_type=\"heading.default\">\n\t\t\t\t<div class=\"elementor-widget-container\">\n\t\t\t\t\t<h2 class=\"elementor-heading-title elementor-size-default\">$180<\/h2>\t\t\t\t<\/div>\n\t\t\t\t<\/div>\n\t\t\t\t\t<\/div>\n\t\t<\/div>\n\t\t\t\t\t<\/div>\n\t\t<\/section>\n\t\t\t\t<section class=\"elementor-section elementor-top-section elementor-element elementor-element-32e7cad9 elementor-section-boxed elementor-section-height-default elementor-section-height-default\" data-id=\"32e7cad9\" data-element_type=\"section\" data-e-type=\"section\" data-settings=\"{&quot;animation_mobile&quot;:&quot;slideInUp&quot;}\">\n\t\t\t\t\t\t\t<div class=\"elementor-background-overlay\"><\/div>\n\t\t\t\t\t\t\t<div class=\"elementor-container elementor-column-gap-narrow\">\n\t\t\t\t\t<div class=\"elementor-column elementor-col-100 elementor-top-column elementor-element elementor-element-6010510d\" data-id=\"6010510d\" data-element_type=\"column\" data-e-type=\"column\">\n\t\t\t<div class=\"elementor-widget-wrap elementor-element-populated\">\n\t\t\t\t\t\t<section class=\"elementor-section elementor-inner-section elementor-element elementor-element-24671c3d elementor-section-boxed elementor-section-height-default elementor-section-height-default\" data-id=\"24671c3d\" data-element_type=\"section\" data-e-type=\"section\">\n\t\t\t\t\t\t<div class=\"elementor-container elementor-column-gap-default\">\n\t\t\t\t\t<div class=\"elementor-column elementor-col-100 elementor-inner-column elementor-element elementor-element-4fa573f2\" data-id=\"4fa573f2\" data-element_type=\"column\" data-e-type=\"column\">\n\t\t\t<div class=\"elementor-widget-wrap elementor-element-populated\">\n\t\t\t\t\t\t<div class=\"elementor-element elementor-element-6c3ea4ac elementor-widget elementor-widget-text-editor\" data-id=\"6c3ea4ac\" data-element_type=\"widget\" data-e-type=\"widget\" data-widget_type=\"text-editor.default\">\n\t\t\t\t<div class=\"elementor-widget-container\">\n\t\t\t\t\t\t\t\t\t<p style=\"text-align: justify;\">3 pieces.<br>* Butter and honey or strawberry jelly.<br>* Includes: Juice or fruit, coffee or tea.<br><\/p>\t\t\t\t\t\t\t\t<\/div>\n\t\t\t\t<\/div>\n\t\t\t\t<div class=\"elementor-element elementor-element-6bb56142 elementor-widget elementor-widget-heading\" data-id=\"6bb56142\" data-element_type=\"widget\" data-e-type=\"widget\" data-widget_type=\"heading.default\">\n\t\t\t\t<div class=\"elementor-widget-container\">\n\t\t\t\t\t<h2 class=\"elementor-heading-title elementor-size-xl\"><a href=\"https:\/\/ladonatapatia.com\/en\/desayunos-completos\/\">&lt;&lt; BACK TO BREAKFAST<\/a><\/h2>\t\t\t\t<\/div>\n\t\t\t\t<\/div>\n\t\t\t\t<div class=\"elementor-element elementor-element-2755a75c elementor-widget-divider--view-line elementor-widget elementor-widget-divider\" data-id=\"2755a75c\" data-element_type=\"widget\" data-e-type=\"widget\" data-widget_type=\"divider.default\">\n\t\t\t\t<div class=\"elementor-widget-container\">\n\t\t\t\t\t\t\t<div class=\"elementor-divider\">\n\t\t\t<span class=\"elementor-divider-separator\">\n\t\t\t\t\t\t<\/span>\n\t\t<\/div>\n\t\t\t\t\t\t<\/div>\n\t\t\t\t<\/div>\n\t\t\t\t<div class=\"elementor-element elementor-element-24990bfa elementor-widget-divider--view-line elementor-widget elementor-widget-divider\" data-id=\"24990bfa\" data-element_type=\"widget\" data-e-type=\"widget\" data-widget_type=\"divider.default\">\n\t\t\t\t<div class=\"elementor-widget-container\">\n\t\t\t\t\t\t\t<div class=\"elementor-divider\">\n\t\t\t<span class=\"elementor-divider-separator\">\n\t\t\t\t\t\t<\/span>\n\t\t<\/div>\n\t\t\t\t\t\t<\/div>\n\t\t\t\t<\/div>\n\t\t\t\t\t<\/div>\n\t\t<\/div>\n\t\t\t\t\t<\/div>\n\t\t<\/section>\n\t\t\t\t\t<\/div>\n\t\t<\/div>\n\t\t\t\t\t<\/div>\n\t\t<\/section>\n\t\t\t\t<\/div>","protected":false},"excerpt":{"rendered":"<p>Hot cakes Precio: $180 3 piezas.*Acompa\u00f1ados de mantequilla y miel.*Incluye jugo o fruta y caf\u00e9 o t\u00e9. &lt;&lt; REGRESAR A DESAYUNOS<\/p>","protected":false},"author":17,"featured_media":0,"parent":294,"menu_order":0,"comment_status":"closed","ping_status":"closed","template":"","meta":{"footnotes":""},"class_list":["post-733","page","type-page","status-publish","hentry"],"_links":{"self":[{"href":"https:\/\/ladonatapatia.com\/en\/wp-json\/wp\/v2\/pages\/733"}],"collection":[{"href":"https:\/\/ladonatapatia.com\/en\/wp-json\/wp\/v2\/pages"}],"about":[{"href":"https:\/\/ladonatapatia.com\/en\/wp-json\/wp\/v2\/types\/page"}],"author":[{"embeddable":true,"href":"https:\/\/ladonatapatia.com\/en\/wp-json\/wp\/v2\/users\/17"}],"replies":[{"embeddable":true,"href":"https:\/\/ladonatapatia.com\/en\/wp-json\/wp\/v2\/comments?post=733"}],"version-history":[{"count":19,"href":"https:\/\/ladonatapatia.com\/en\/wp-json\/wp\/v2\/pages\/733\/revisions"}],"predecessor-version":[{"id":1370,"href":"https:\/\/ladonatapatia.com\/en\/wp-json\/wp\/v2\/pages\/733\/revisions\/1370"}],"up":[{"embeddable":true,"href":"https:\/\/ladonatapatia.com\/en\/wp-json\/wp\/v2\/pages\/294"}],"wp:attachment":[{"href":"https:\/\/ladonatapatia.com\/en\/wp-json\/wp\/v2\/media?parent=733"}],"curies":[{"name":"wp","href":"https:\/\/api.w.org\/{rel}","templated":true}]}}